{"id":1017,"date":"2024-03-11T11:18:29","date_gmt":"2024-03-11T11:18:29","guid":{"rendered":"https:\/\/iao.chuhai.edu.hk\/partner-programme\/"},"modified":"2026-01-20T08:33:18","modified_gmt":"2026-01-20T08:33:18","slug":"partner-programme","status":"publish","type":"page","link":"https:\/\/iao.chuhai.edu.hk\/cn\/partner-programme\/","title":{"rendered":"\u56fd\u9645\u4f19\u4f34\u5173\u7cfb"},"content":{"rendered":"\n<div class=\"wp-block-cover\"><img loading=\"lazy\" decoding=\"async\" width=\"1024\" height=\"214\" class=\"wp-block-cover__image-background wp-image-430\" alt=\"\" src=\"https:\/\/iao.chuhai.edu.hk\/wp-content\/uploads\/2024\/03\/education-banner-1024x214.png\" data-object-fit=\"cover\" srcset=\"https:\/\/iao.chuhai.edu.hk\/wp-content\/uploads\/2024\/03\/education-banner-1024x214.png 1024w, https:\/\/iao.chuhai.edu.hk\/wp-content\/uploads\/2024\/03\/education-banner-300x63.png 300w, https:\/\/iao.chuhai.edu.hk\/wp-content\/uploads\/2024\/03\/education-banner-768x161.png 768w, https:\/\/iao.chuhai.edu.hk\/wp-content\/uploads\/2024\/03\/education-banner-1536x321.png 1536w, https:\/\/iao.chuhai.edu.hk\/wp-content\/uploads\/2024\/03\/education-banner-2048x429.png 2048w\" sizes=\"auto, (max-width: 1024px) 100vw, 1024px\" \/><span aria-hidden=\"true\" class=\"wp-block-cover__background has-background-dim\"><\/span><div class=\"wp-block-cover__inner-container is-layout-flow wp-block-cover-is-layout-flow\">\n<p class=\"has-text-align-center\" style=\"font-size:48px\"><strong>\u56fd\u9645\u4f19\u4f34\u5173\u7cfb<\/strong><\/p>\n<\/div><\/div>\n\n\n\n<div class=\"wp-block-group is-layout-constrained wp-block-group-is-layout-constrained\">\n<div class=\"wp-block-columns is-layout-flex wp-container-core-columns-is-layout-9d6595d7 wp-block-columns-is-layout-flex\">\n<div class=\"wp-block-column is-layout-flow wp-block-column-is-layout-flow\" style=\"flex-basis:20%\">\n<p class=\"has-text-align-left has-oceanblue-color has-text-color has-link-color wp-elements-549e50badf912ac69b664f1cb23d9bf0\" style=\"font-size:18px\"><\/p>\n\n\n\n<div style=\"height:100px\" aria-hidden=\"true\" class=\"wp-block-spacer\"><\/div>\n<\/div>\n\n\n\n<div class=\"wp-block-column is-layout-flow wp-block-column-is-layout-flow\" style=\"flex-basis:33.34%\">\n<div style=\"height:41px\" aria-hidden=\"true\" class=\"wp-block-spacer\"><\/div>\n\n\n\n<p>\u9999\u6e2f\u73e0\u6d77\u5b66\u9662\u6df1\u611f\u8363\u5e78\u80fd\u4e0e\u5168\u7403\u4f17\u591a\u5b9e\u529b\u96c4\u539a\u4e14\u6301\u7eed\u62d3\u5c55\u7684\u5408\u4f5c\u4f19\u4f34\u643a\u624b\u540c\u884c\u3002\u6211\u4eec\u7684\u5408\u4f5c\u7f51\u7edc\u904d\u53ca\u4e16\u754c\u5404\u5730\uff0c\u5408\u4f5c\u5f62\u5f0f\u591a\u5143\uff0c\u6db5\u76d6\u5b66\u751f\u4ea4\u6362\u3001\u6559\u5e08\u4e92\u8bbf\u3001\u8054\u5408\u7814\u7a76\u7b49\u591a\u4e2a\u9886\u57df\u3002<\/p>\n\n\n\n<p><\/p>\n\n\n\n<p><\/p>\n\n\n\n<p><\/p>\n\n\n\n<p>\u6b22\u8fce\u6709\u610f\u53c2\u4e0e\u6211\u6821\u5408\u4f5c\u9662\u6821\u4ea4\u6d41\u9879\u76ee\u7684\u5e08\u751f\u8054\u7cfb\u56fd\u9645\u4e8b\u52a1\u5904\uff08IAO\uff09\u4ee3\u8868\uff0c\u5f00\u542f\u63a2\u7d22\u5168\u7403\u673a\u9047\u4e4b\u65c5\uff01<\/p>\n<\/div>\n\n\n\n<div class=\"wp-block-column is-layout-flow wp-block-column-is-layout-flow\" style=\"flex-basis:60%\">\n<figure class=\"wp-block-image size-full is-resized\"><img loading=\"lazy\" decoding=\"async\" width=\"640\" height=\"573\" src=\"https:\/\/iao.chuhai.edu.hk\/wp-content\/uploads\/2024\/03\/Rectangle-177-3.png\" alt=\"water\" class=\"wp-image-786\" style=\"width:475px;height:auto\" srcset=\"https:\/\/iao.chuhai.edu.hk\/wp-content\/uploads\/2024\/03\/Rectangle-177-3.png 640w, https:\/\/iao.chuhai.edu.hk\/wp-content\/uploads\/2024\/03\/Rectangle-177-3-300x269.png 300w\" sizes=\"auto, (max-width: 640px) 100vw, 640px\" \/><\/figure>\n<\/div>\n<\/div>\n<\/div>\n\n\n\n<div id=\"hkchcAlignedCenterImgAndList\">\n  <div class=\"content-wrapper\">\n            <div class=\"content\">\n                      <h2 class=\"heading3 font-bold leading-8 lg:max-w-[15ch] lg:min-w-[15ch] max-lg:min-w-full max-lg:text-center\">\n              Asia            <\/h2>\n          \n          <div class=\"col-1 lg:ml-10 md:ml-5 flex-1 lg:mt-0 md:mt-5 mt-4\">\n                      <\/div>\n\n          <div class=\"col-2 flex-1\">\n            <h3 class=\"title\">\n                          <\/h3>\n\n                      <\/div>\n        <\/div>\n                <div class=\"content\">\n          \n          <div class=\"col-1 lg:ml-10 md:ml-5 flex-1 lg:mt-0 md:mt-5 mt-4\">\n                          <img decoding=\"async\" src=\"https:\/\/iao.chuhai.edu.hk\/wp-content\/uploads\/2024\/07\/Screenshot-2024-07-27-at-11.12.23\u202fAM.png\" alt=\"\" class=\"mx-auto\" \/>\n                      <\/div>\n\n          <div class=\"col-2 flex-1\">\n            <h3 class=\"title\">\n              Institute for Strategic and Regional Studies under the President of the Republic of Uzbekistan (ISRS), Uzbekistan            <\/h3>\n\n                          <ul>\n                                  <li>\n                    Ng Feng Tong Sino Belt and Road Institute                  <\/li>\n                                  <li>\n                    \u4ea4\u6d41\u534f\u8bae                  <\/li>\n                              <\/ul>\n                      <\/div>\n        <\/div>\n                <div class=\"content\">\n          \n          <div class=\"col-1 lg:ml-10 md:ml-5 flex-1 lg:mt-0 md:mt-5 mt-4\">\n                          <img decoding=\"async\" src=\"https:\/\/iao.chuhai.edu.hk\/wp-content\/uploads\/2024\/07\/Screenshot-2024-07-27-at-12.02.03\u202fPM.png\" alt=\"Chulalongkorn University Logo\" class=\"mx-auto\" \/>\n                      <\/div>\n\n          <div class=\"col-2 flex-1\">\n            <h3 class=\"title\">\n              Chulalongkorn University, Thailand            <\/h3>\n\n                          <ul>\n                                  <li>\n                    HKCHC Faculty of Science and Engineering                  <\/li>\n                                  <li>\n                    \u4ea4\u6d41\u534f\u8bae                  <\/li>\n                              <\/ul>\n                      <\/div>\n        <\/div>\n                <div class=\"content\">\n          \n          <div class=\"col-1 lg:ml-10 md:ml-5 flex-1 lg:mt-0 md:mt-5 mt-4\">\n                          <img decoding=\"async\" src=\"https:\/\/iao.chuhai.edu.hk\/wp-content\/uploads\/2024\/08\/Screenshot-2024-08-28-at-2.53.39\u202fPM.png\" alt=\"\" class=\"mx-auto\" \/>\n                      <\/div>\n\n          <div class=\"col-2 flex-1\">\n            <h3 class=\"title\">\n              Dankook University, Republic of Korea            <\/h3>\n\n                          <ul>\n                                  <li>\n                    \u5168\u6821\u534f\u8bae                  <\/li>\n                              <\/ul>\n                      <\/div>\n        <\/div>\n          <\/div>\n<\/div>\n\n\n<h2 class=\"wp-block-heading alignwide has-text-align-center has-oceanblue-color has-text-color has-link-color wp-elements-8a9b9eb0d979b75fd1643fd84b8b0a6f\" id=\"we-re-a-studio-in-berlin-with-an-international-practice-in-architecture-urban-planning-and-interior-design-we-believe-in-sharing-knowledge-and-promoting-dialogue-to-increase-the-creative-potential-of-collaboration\" style=\"font-size:30px;line-height:1.1\"><\/h2>\n\n\n\n<div id=\"hkchcAlignedCenterImgAndList\">\n  <div class=\"content-wrapper\">\n            <div class=\"content\">\n                      <h2 class=\"heading3 font-bold leading-8 lg:max-w-[15ch] lg:min-w-[15ch] max-lg:min-w-full max-lg:text-center\">\n              Europe            <\/h2>\n          \n          <div class=\"col-1 lg:ml-10 md:ml-5 flex-1 lg:mt-0 md:mt-5 mt-4\">\n                      <\/div>\n\n          <div class=\"col-2 flex-1\">\n            <h3 class=\"title\">\n                          <\/h3>\n\n                      <\/div>\n        <\/div>\n                <div class=\"content\">\n          \n          <div class=\"col-1 lg:ml-10 md:ml-5 flex-1 lg:mt-0 md:mt-5 mt-4\">\n                          <img decoding=\"async\" src=\"https:\/\/iao.chuhai.edu.hk\/wp-content\/uploads\/2024\/07\/Screenshot-2024-07-27-at-11.58.43\u202fAM.png\" alt=\"Uskudar University Logo\" class=\"mx-auto\" \/>\n                      <\/div>\n\n          <div class=\"col-2 flex-1\">\n            <h3 class=\"title\">\n              \u00dcsk\u00fcdar University, Republic of T\u00fcrkiye            <\/h3>\n\n                          <ul>\n                                  <li>\n                    Ng Feng Tong Sino Belt and Road Institute                  <\/li>\n                                  <li>\n                    MOU                  <\/li>\n                              <\/ul>\n                      <\/div>\n        <\/div>\n                <div class=\"content\">\n          \n          <div class=\"col-1 lg:ml-10 md:ml-5 flex-1 lg:mt-0 md:mt-5 mt-4\">\n                          <img decoding=\"async\" src=\"https:\/\/iao.chuhai.edu.hk\/wp-content\/uploads\/2024\/07\/Screenshot-2024-07-27-at-11.32.09\u202fAM.png\" alt=\"institute logo\" class=\"mx-auto\" \/>\n                      <\/div>\n\n          <div class=\"col-2 flex-1\">\n            <h3 class=\"title\">\n              Educational and Scientific Institute of International Relations Taras Shevchenko National University of Kyiv, Ukraine            <\/h3>\n\n                          <ul>\n                                  <li>\n                    Ng Feng Tong Sino Belt and Road Institute                  <\/li>\n                                  <li>\n                    \u4ea4\u6d41\u534f\u8bae                  <\/li>\n                              <\/ul>\n                      <\/div>\n        <\/div>\n                <div class=\"content\">\n          \n          <div class=\"col-1 lg:ml-10 md:ml-5 flex-1 lg:mt-0 md:mt-5 mt-4\">\n                          <img decoding=\"async\" src=\"https:\/\/iao.chuhai.edu.hk\/wp-content\/uploads\/2024\/07\/Screenshot-2024-07-27-at-11.39.48\u202fAM.png\" alt=\"University of Western Macedonia Logo\" class=\"mx-auto\" \/>\n                      <\/div>\n\n          <div class=\"col-2 flex-1\">\n            <h3 class=\"title\">\n              University of Western Macedonia, Greece            <\/h3>\n\n                          <ul>\n                                  <li>\n                    Ng Feng Tong Sino Belt and Road Institute                  <\/li>\n                                  <li>\n                    \u4ea4\u6d41\u534f\u8bae                  <\/li>\n                                  <li>\n                    MOU                  <\/li>\n                              <\/ul>\n                      <\/div>\n        <\/div>\n                <div class=\"content\">\n          \n          <div class=\"col-1 lg:ml-10 md:ml-5 flex-1 lg:mt-0 md:mt-5 mt-4\">\n                          <img decoding=\"async\" src=\"https:\/\/iao.chuhai.edu.hk\/wp-content\/uploads\/2024\/07\/Screenshot-2024-07-27-at-11.53.19\u202fAM.png\" alt=\"Nord University Logo\" class=\"mx-auto\" \/>\n                      <\/div>\n\n          <div class=\"col-2 flex-1\">\n            <h3 class=\"title\">\n              Nord University, Norway            <\/h3>\n\n                          <ul>\n                                  <li>\n                    Ng Feng Tong Sino Belt and Road Institute                  <\/li>\n                                  <li>\n                    MOU                  <\/li>\n                              <\/ul>\n                      <\/div>\n        <\/div>\n                <div class=\"content\">\n          \n          <div class=\"col-1 lg:ml-10 md:ml-5 flex-1 lg:mt-0 md:mt-5 mt-4\">\n                          <img decoding=\"async\" src=\"https:\/\/iao.chuhai.edu.hk\/wp-content\/uploads\/2024\/07\/Screenshot-2024-07-27-at-12.05.21\u202fPM.png\" alt=\"Goethe University Logo\" class=\"mx-auto\" \/>\n                      <\/div>\n\n          <div class=\"col-2 flex-1\">\n            <h3 class=\"title\">\n              Goethe University Frankfurt am Main, Germany            <\/h3>\n\n                          <ul>\n                                  <li>\n                    \u5168\u6821\u4ea4\u6d41\u534f\u8bae                  <\/li>\n                              <\/ul>\n                      <\/div>\n        <\/div>\n                <div class=\"content\">\n          \n          <div class=\"col-1 lg:ml-10 md:ml-5 flex-1 lg:mt-0 md:mt-5 mt-4\">\n                          <img decoding=\"async\" src=\"https:\/\/iao.chuhai.edu.hk\/wp-content\/uploads\/2024\/07\/Universitat_Potsdam_logo.svg_-e1722053538244.png\" alt=\"Potsdam University Logo\" class=\"mx-auto\" \/>\n                      <\/div>\n\n          <div class=\"col-2 flex-1\">\n            <h3 class=\"title\">\n              University of Potsdam, Germany            <\/h3>\n\n                          <ul>\n                                  <li>\n                    HKCHC\u6587\u5b66\u4e0e\u793e\u4f1a\u79d1\u5b66\u9662                  <\/li>\n                                  <li>\n                    \u4ea4\u6d41\u534f\u8bae                  <\/li>\n                              <\/ul>\n                      <\/div>\n        <\/div>\n          <\/div>\n<\/div>\n\n\n<div id=\"hkchc-go-gobal\" class=\"hkchc-go-gobal-container w-full\">\n  <\/div>","protected":false},"excerpt":{"rendered":"<p>\u9999\u6e2f\u73e0\u6d77\u5b66\u9662\u6df1\u611f\u8363\u5e78\u80fd\u4e0e\u5168\u7403\u4f17\u591a\u5b9e\u529b\u96c4\u539a\u4e14\u6301\u7eed\u62d3\u5c55\u7684\u5408\u4f5c\u4f19\u4f34\u643a\u624b\u540c\u884c\u3002\u6211\u4eec\u7684\u5408\u4f5c\u7f51\u7edc\u904d\u53ca\u4e16\u754c\u5404\u5730\uff0c\u5408\u4f5c\u5f62\u5f0f\u591a\u5143\uff0c\u6db5\u76d6\u5b66\u751f\u4ea4\u6362\u3001\u6559\u5e08\u4e92\u8bbf\u3001\u8054\u5408\u7814\u7a76\u7b49\u591a\u4e2a\u9886\u57df\u3002 \u6b22\u8fce\u6709\u610f\u53c2\u4e0e\u6211\u6821\u5408\u4f5c\u9662\u6821\u4ea4\u6d41\u9879\u76ee\u7684\u5e08\u751f\u8054\u7cfb\u56fd\u9645\u4e8b\u52a1\u5904\uff08IAO\uff09\u4ee3\u8868\uff0c\u5f00\u542f\u63a2\u7d22\u5168\u7403\u673a\u9047\u4e4b\u65c5\uff01<\/p>\n","protected":false},"author":2,"featured_media":0,"parent":0,"menu_order":0,"comment_status":"closed","ping_status":"closed","template":"","meta":{"footnotes":""},"class_list":["post-1017","page","type-page","status-publish","hentry"],"acf":[],"yoast_head":"<!-- This site is optimized with the Yoast SEO plugin v22.2 - https:\/\/yoast.com\/wordpress\/plugins\/seo\/ -->\n<title>\u56fd\u9645\u4f19\u4f34\u5173\u7cfb - HKCHC<\/title>\n<meta name=\"robots\" content=\"index, follow, max-snippet:-1, max-image-preview:large, max-video-preview:-1\" \/>\n<link rel=\"canonical\" href=\"https:\/\/iao.chuhai.edu.hk\/cn\/partner-programme\/\" \/>\n<meta property=\"og:locale\" content=\"en_US\" \/>\n<meta property=\"og:type\" content=\"article\" \/>\n<meta property=\"og:title\" content=\"\u56fd\u9645\u4f19\u4f34\u5173\u7cfb - HKCHC\" \/>\n<meta property=\"og:description\" content=\"\u9999\u6e2f\u73e0\u6d77\u5b66\u9662\u6df1\u611f\u8363\u5e78\u80fd\u4e0e\u5168\u7403\u4f17\u591a\u5b9e\u529b\u96c4\u539a\u4e14\u6301\u7eed\u62d3\u5c55\u7684\u5408\u4f5c\u4f19\u4f34\u643a\u624b\u540c\u884c\u3002\u6211\u4eec\u7684\u5408\u4f5c\u7f51\u7edc\u904d\u53ca\u4e16\u754c\u5404\u5730\uff0c\u5408\u4f5c\u5f62\u5f0f\u591a\u5143\uff0c\u6db5\u76d6\u5b66\u751f\u4ea4\u6362\u3001\u6559\u5e08\u4e92\u8bbf\u3001\u8054\u5408\u7814\u7a76\u7b49\u591a\u4e2a\u9886\u57df\u3002 \u6b22\u8fce\u6709\u610f\u53c2\u4e0e\u6211\u6821\u5408\u4f5c\u9662\u6821\u4ea4\u6d41\u9879\u76ee\u7684\u5e08\u751f\u8054\u7cfb\u56fd\u9645\u4e8b\u52a1\u5904\uff08IAO\uff09\u4ee3\u8868\uff0c\u5f00\u542f\u63a2\u7d22\u5168\u7403\u673a\u9047\u4e4b\u65c5\uff01\" \/>\n<meta property=\"og:url\" content=\"https:\/\/iao.chuhai.edu.hk\/cn\/partner-programme\/\" \/>\n<meta property=\"og:site_name\" content=\"HKCHC\" \/>\n<meta property=\"article:modified_time\" content=\"2026-01-20T08:33:18+00:00\" \/>\n<meta property=\"og:image\" content=\"https:\/\/iao.chuhai.edu.hk\/wp-content\/uploads\/2024\/03\/education-banner-1024x214.png\" \/>\n<meta name=\"twitter:card\" content=\"summary_large_image\" \/>\n<meta name=\"twitter:label1\" content=\"Est. reading time\" \/>\n\t<meta name=\"twitter:data1\" content=\"1 minute\" \/>\n<script type=\"application\/ld+json\" class=\"yoast-schema-graph\">{\"@context\":\"https:\/\/schema.org\",\"@graph\":[{\"@type\":\"WebPage\",\"@id\":\"https:\/\/iao.chuhai.edu.hk\/cn\/partner-programme\/\",\"url\":\"https:\/\/iao.chuhai.edu.hk\/cn\/partner-programme\/\",\"name\":\"\u56fd\u9645\u4f19\u4f34\u5173\u7cfb - HKCHC\",\"isPartOf\":{\"@id\":\"https:\/\/iao.chuhai.edu.hk\/#website\"},\"primaryImageOfPage\":{\"@id\":\"https:\/\/iao.chuhai.edu.hk\/cn\/partner-programme\/#primaryimage\"},\"image\":{\"@id\":\"https:\/\/iao.chuhai.edu.hk\/cn\/partner-programme\/#primaryimage\"},\"thumbnailUrl\":\"https:\/\/iao.chuhai.edu.hk\/wp-content\/uploads\/2024\/03\/education-banner-1024x214.png\",\"datePublished\":\"2024-03-11T11:18:29+00:00\",\"dateModified\":\"2026-01-20T08:33:18+00:00\",\"breadcrumb\":{\"@id\":\"https:\/\/iao.chuhai.edu.hk\/cn\/partner-programme\/#breadcrumb\"},\"inLanguage\":\"cn-HK\",\"potentialAction\":[{\"@type\":\"ReadAction\",\"target\":[\"https:\/\/iao.chuhai.edu.hk\/cn\/partner-programme\/\"]}]},{\"@type\":\"ImageObject\",\"inLanguage\":\"cn-HK\",\"@id\":\"https:\/\/iao.chuhai.edu.hk\/cn\/partner-programme\/#primaryimage\",\"url\":\"https:\/\/iao.chuhai.edu.hk\/wp-content\/uploads\/2024\/03\/education-banner.png\",\"contentUrl\":\"https:\/\/iao.chuhai.edu.hk\/wp-content\/uploads\/2024\/03\/education-banner.png\",\"width\":2580,\"height\":540},{\"@type\":\"BreadcrumbList\",\"@id\":\"https:\/\/iao.chuhai.edu.hk\/cn\/partner-programme\/#breadcrumb\",\"itemListElement\":[{\"@type\":\"ListItem\",\"position\":1,\"name\":\"Home\",\"item\":\"https:\/\/iao.chuhai.edu.hk\/cn\/\"},{\"@type\":\"ListItem\",\"position\":2,\"name\":\"\u56fd\u9645\u4f19\u4f34\u5173\u7cfb\"}]},{\"@type\":\"WebSite\",\"@id\":\"https:\/\/iao.chuhai.edu.hk\/#website\",\"url\":\"https:\/\/iao.chuhai.edu.hk\/\",\"name\":\"HKCHC\",\"description\":\"\",\"publisher\":{\"@id\":\"https:\/\/iao.chuhai.edu.hk\/#organization\"},\"potentialAction\":[{\"@type\":\"SearchAction\",\"target\":{\"@type\":\"EntryPoint\",\"urlTemplate\":\"https:\/\/iao.chuhai.edu.hk\/?s={search_term_string}\"},\"query-input\":\"required name=search_term_string\"}],\"inLanguage\":\"cn-HK\"},{\"@type\":\"Organization\",\"@id\":\"https:\/\/iao.chuhai.edu.hk\/#organization\",\"name\":\"HKCHC\",\"url\":\"https:\/\/iao.chuhai.edu.hk\/\",\"logo\":{\"@type\":\"ImageObject\",\"inLanguage\":\"cn-HK\",\"@id\":\"https:\/\/iao.chuhai.edu.hk\/#\/schema\/logo\/image\/\",\"url\":\"https:\/\/iao.chuhai.edu.hk\/wp-content\/uploads\/2024\/03\/logo.png\",\"contentUrl\":\"https:\/\/iao.chuhai.edu.hk\/wp-content\/uploads\/2024\/03\/logo.png\",\"width\":362,\"height\":280,\"caption\":\"HKCHC\"},\"image\":{\"@id\":\"https:\/\/iao.chuhai.edu.hk\/#\/schema\/logo\/image\/\"}}]}<\/script>\n<!-- \/ Yoast SEO plugin. -->","yoast_head_json":{"title":"\u56fd\u9645\u4f19\u4f34\u5173\u7cfb - HKCHC","robots":{"index":"index","follow":"follow","max-snippet":"max-snippet:-1","max-image-preview":"max-image-preview:large","max-video-preview":"max-video-preview:-1"},"canonical":"https:\/\/iao.chuhai.edu.hk\/cn\/partner-programme\/","og_locale":"en_US","og_type":"article","og_title":"\u56fd\u9645\u4f19\u4f34\u5173\u7cfb - HKCHC","og_description":"\u9999\u6e2f\u73e0\u6d77\u5b66\u9662\u6df1\u611f\u8363\u5e78\u80fd\u4e0e\u5168\u7403\u4f17\u591a\u5b9e\u529b\u96c4\u539a\u4e14\u6301\u7eed\u62d3\u5c55\u7684\u5408\u4f5c\u4f19\u4f34\u643a\u624b\u540c\u884c\u3002\u6211\u4eec\u7684\u5408\u4f5c\u7f51\u7edc\u904d\u53ca\u4e16\u754c\u5404\u5730\uff0c\u5408\u4f5c\u5f62\u5f0f\u591a\u5143\uff0c\u6db5\u76d6\u5b66\u751f\u4ea4\u6362\u3001\u6559\u5e08\u4e92\u8bbf\u3001\u8054\u5408\u7814\u7a76\u7b49\u591a\u4e2a\u9886\u57df\u3002 \u6b22\u8fce\u6709\u610f\u53c2\u4e0e\u6211\u6821\u5408\u4f5c\u9662\u6821\u4ea4\u6d41\u9879\u76ee\u7684\u5e08\u751f\u8054\u7cfb\u56fd\u9645\u4e8b\u52a1\u5904\uff08IAO\uff09\u4ee3\u8868\uff0c\u5f00\u542f\u63a2\u7d22\u5168\u7403\u673a\u9047\u4e4b\u65c5\uff01","og_url":"https:\/\/iao.chuhai.edu.hk\/cn\/partner-programme\/","og_site_name":"HKCHC","article_modified_time":"2026-01-20T08:33:18+00:00","og_image":[{"url":"https:\/\/iao.chuhai.edu.hk\/wp-content\/uploads\/2024\/03\/education-banner-1024x214.png"}],"twitter_card":"summary_large_image","twitter_misc":{"Est. reading time":"1 minute"},"schema":{"@context":"https:\/\/schema.org","@graph":[{"@type":"WebPage","@id":"https:\/\/iao.chuhai.edu.hk\/cn\/partner-programme\/","url":"https:\/\/iao.chuhai.edu.hk\/cn\/partner-programme\/","name":"\u56fd\u9645\u4f19\u4f34\u5173\u7cfb - HKCHC","isPartOf":{"@id":"https:\/\/iao.chuhai.edu.hk\/#website"},"primaryImageOfPage":{"@id":"https:\/\/iao.chuhai.edu.hk\/cn\/partner-programme\/#primaryimage"},"image":{"@id":"https:\/\/iao.chuhai.edu.hk\/cn\/partner-programme\/#primaryimage"},"thumbnailUrl":"https:\/\/iao.chuhai.edu.hk\/wp-content\/uploads\/2024\/03\/education-banner-1024x214.png","datePublished":"2024-03-11T11:18:29+00:00","dateModified":"2026-01-20T08:33:18+00:00","breadcrumb":{"@id":"https:\/\/iao.chuhai.edu.hk\/cn\/partner-programme\/#breadcrumb"},"inLanguage":"cn-HK","potentialAction":[{"@type":"ReadAction","target":["https:\/\/iao.chuhai.edu.hk\/cn\/partner-programme\/"]}]},{"@type":"ImageObject","inLanguage":"cn-HK","@id":"https:\/\/iao.chuhai.edu.hk\/cn\/partner-programme\/#primaryimage","url":"https:\/\/iao.chuhai.edu.hk\/wp-content\/uploads\/2024\/03\/education-banner.png","contentUrl":"https:\/\/iao.chuhai.edu.hk\/wp-content\/uploads\/2024\/03\/education-banner.png","width":2580,"height":540},{"@type":"BreadcrumbList","@id":"https:\/\/iao.chuhai.edu.hk\/cn\/partner-programme\/#breadcrumb","itemListElement":[{"@type":"ListItem","position":1,"name":"Home","item":"https:\/\/iao.chuhai.edu.hk\/cn\/"},{"@type":"ListItem","position":2,"name":"\u56fd\u9645\u4f19\u4f34\u5173\u7cfb"}]},{"@type":"WebSite","@id":"https:\/\/iao.chuhai.edu.hk\/#website","url":"https:\/\/iao.chuhai.edu.hk\/","name":"HKCHC","description":"","publisher":{"@id":"https:\/\/iao.chuhai.edu.hk\/#organization"},"potentialAction":[{"@type":"SearchAction","target":{"@type":"EntryPoint","urlTemplate":"https:\/\/iao.chuhai.edu.hk\/?s={search_term_string}"},"query-input":"required name=search_term_string"}],"inLanguage":"cn-HK"},{"@type":"Organization","@id":"https:\/\/iao.chuhai.edu.hk\/#organization","name":"HKCHC","url":"https:\/\/iao.chuhai.edu.hk\/","logo":{"@type":"ImageObject","inLanguage":"cn-HK","@id":"https:\/\/iao.chuhai.edu.hk\/#\/schema\/logo\/image\/","url":"https:\/\/iao.chuhai.edu.hk\/wp-content\/uploads\/2024\/03\/logo.png","contentUrl":"https:\/\/iao.chuhai.edu.hk\/wp-content\/uploads\/2024\/03\/logo.png","width":362,"height":280,"caption":"HKCHC"},"image":{"@id":"https:\/\/iao.chuhai.edu.hk\/#\/schema\/logo\/image\/"}}]}},"_links":{"self":[{"href":"https:\/\/iao.chuhai.edu.hk\/cn\/wp-json\/wp\/v2\/pages\/1017","targetHints":{"allow":["GET"]}}],"collection":[{"href":"https:\/\/iao.chuhai.edu.hk\/cn\/wp-json\/wp\/v2\/pages"}],"about":[{"href":"https:\/\/iao.chuhai.edu.hk\/cn\/wp-json\/wp\/v2\/types\/page"}],"author":[{"embeddable":true,"href":"https:\/\/iao.chuhai.edu.hk\/cn\/wp-json\/wp\/v2\/users\/2"}],"replies":[{"embeddable":true,"href":"https:\/\/iao.chuhai.edu.hk\/cn\/wp-json\/wp\/v2\/comments?post=1017"}],"version-history":[{"count":19,"href":"https:\/\/iao.chuhai.edu.hk\/cn\/wp-json\/wp\/v2\/pages\/1017\/revisions"}],"predecessor-version":[{"id":2650,"href":"https:\/\/iao.chuhai.edu.hk\/cn\/wp-json\/wp\/v2\/pages\/1017\/revisions\/2650"}],"wp:attachment":[{"href":"https:\/\/iao.chuhai.edu.hk\/cn\/wp-json\/wp\/v2\/media?parent=1017"}],"curies":[{"name":"wp","href":"https:\/\/api.w.org\/{rel}","templated":true}]}}